{"id":102,"date":"2020-04-09T18:21:31","date_gmt":"2020-04-09T18:21:31","guid":{"rendered":"http:\/\/cactux.cz\/?page_id=102"},"modified":"2026-03-22T16:47:01","modified_gmt":"2026-03-22T15:47:01","slug":"cactux","status":"publish","type":"page","link":"https:\/\/cactux.cz\/cs\/","title":{"rendered":"Home"},"content":{"rendered":"[et_pb_section fb_built=&#8221;1&#8243; next_background_color=&#8221;#FFFFFF&#8221; admin_label=&#8221;Hero Section&#8221; _builder_version=&#8221;4.16&#8243; use_background_color_gradient=&#8221;on&#8221; background_color_gradient_direction=&#8221;170deg&#8221; background_color_gradient_stops=&#8221;rgba(0,0,0,0.51) 17%|rgba(10,4,4,0.73) 84%&#8221; background_color_gradient_overlays_image=&#8221;on&#8221; background_color_gradient_start=&#8221;rgba(0,0,0,0.51)&#8221; background_color_gradient_start_position=&#8221;17%&#8221; background_color_gradient_end=&#8221;rgba(10,4,4,0.73)&#8221; background_color_gradient_end_position=&#8221;84%&#8221; background_image=&#8221;https:\/\/cactux.cz\/wp-content\/uploads\/2024\/07\/F4128C33-5403-4BF9-9E6E-16376E7DF068_1_201_a-min-scaled.jpeg&#8221; min_height=&#8221;520px&#8221; custom_padding=&#8221;3.5%||3.5%||true|&#8221; bottom_divider_style=&#8221;slant&#8221; bottom_divider_height=&#8221;60px&#8221; global_colors_info=&#8221;{}&#8221; background_color_gradient_direction__hover=&#8221;180deg&#8221; background_color_gradient_direction__hover_enabled=&#8221;180deg&#8221; background_color_gradient_start_position__hover=&#8221;0%&#8221; background_color_gradient_start_position__hover_enabled=&#8221;0%&#8221; background_color_gradient_end_position__hover=&#8221;100%&#8221; background_color_gradient_end_position__hover_enabled=&#8221;100%&#8221; background_color_gradient_stops__hover=&#8221;rgba(0,0,0,0.51) 0%|rgba(10,4,4,0.73) 100%&#8221;][et_pb_row _builder_version=&#8221;4.16&#8243; global_colors_info=&#8221;{}&#8221;][et_pb_column type=&#8221;4_4&#8243; _builder_version=&#8221;4.16&#8243; global_colors_info=&#8221;{}&#8221;][et_pb_text _builder_version=&#8221;4.16&#8243; global_colors_info=&#8221;{}&#8221;]<h1 style=\"text-align: center;\"><span style=\"color: #ffffff;\"><strong>WE ARE CACTUX<\/strong><\/span><\/h1>[\/et_pb_text][et_pb_text _builder_version=&#8221;4.27.4&#8243; _module_preset=&#8221;1279372e-9bf3-4125-bdf7-6c736d216a37&#8243; header_2_font=&#8221;&#8211;et_global_heading_font|&#8211;et_global_heading_font_weight|||||||&#8221; header_2_text_color=&#8221;gcid-b86506e0-cc18-466a-a36a-67a744500181&#8243; header_2_font_size=&#8221;20px&#8221; header_2_line_height=&#8221;1.4em&#8221; hover_enabled=&#8221;0&#8243; global_colors_info=&#8221;{%22gcid-b86506e0-cc18-466a-a36a-67a744500181%22:%91%22header_2_text_color%22%93}&#8221; sticky_enabled=&#8221;0&#8243;]<h2><span style=\"font-size: x-large;\">\u00a0 \u00a0 \u00a0 \u00a0 CactuX s.r.o. is a technological company developing and producing advanced X-ray solutions for research &amp; industry<\/span><\/h2>[\/et_pb_text][et_pb_button button_url=&#8221;https:\/\/cactux.cz\/about&#8221; button_text=&#8221;Find out more about us&#8221; _builder_version=&#8221;4.27.4&#8243; _module_preset=&#8221;bf4f3c5a-759e-4902-9958-c9c95cec1714&#8243; global_colors_info=&#8221;{}&#8221;][\/et_pb_button][\/et_pb_column][\/et_pb_row][\/et_pb_section][et_pb_section fb_built=&#8221;1&#8243; _builder_version=&#8221;4.16&#8243; _module_preset=&#8221;default&#8221; background_color=&#8221;#FFFFFF&#8221; min_height=&#8221;515.8px&#8221; custom_padding=&#8221;0px||0px|||&#8221; global_colors_info=&#8221;{}&#8221;][et_pb_row _builder_version=&#8221;4.16&#8243; _module_preset=&#8221;default&#8221; locked=&#8221;off&#8221; global_colors_info=&#8221;{}&#8221;][et_pb_column type=&#8221;4_4&#8243; _builder_version=&#8221;4.16&#8243; _module_preset=&#8221;default&#8221; global_colors_info=&#8221;{}&#8221;][et_pb_text _builder_version=&#8221;4.27.4&#8243; _module_preset=&#8221;default&#8221; header_5_text_color=&#8221;#2a2b2a&#8221; min_height=&#8221;52.6px&#8221; custom_margin=&#8221;||0px|||&#8221; global_colors_info=&#8221;{}&#8221;]<h4 style=\"text-align: center;\"><span style=\"color: #2f5915;\"><strong>Our products<\/strong><\/span><\/h4>[\/et_pb_text][\/et_pb_column][\/et_pb_row][et_pb_row column_structure=&#8221;1_3,1_3,1_3&#8243; _builder_version=&#8221;4.16&#8243; _module_preset=&#8221;default&#8221; locked=&#8221;off&#8221; global_colors_info=&#8221;{}&#8221;][et_pb_column type=&#8221;1_3&#8243; _builder_version=&#8221;4.16&#8243; _module_preset=&#8221;default&#8221; global_colors_info=&#8221;{}&#8221;][et_pb_slider show_arrows=&#8221;off&#8221; show_pagination=&#8221;off&#8221; _builder_version=&#8221;4.27.4&#8243; _module_preset=&#8221;default&#8221; header_text_color=&#8221;#2a2b2a&#8221; body_text_color=&#8221;#2a2b2a&#8221; background_color=&#8221;#f9f9f9&#8243; use_background_color_gradient=&#8221;on&#8221; background_color_gradient_stops=&#8221;rgba(0,0,0,0) 0%|rgba(0,0,0,0) 70%&#8221; background_color_gradient_start=&#8221;rgba(0,0,0,0)&#8221; background_color_gradient_end=&#8221;rgba(0,0,0,0)&#8221; background_color_gradient_end_position=&#8221;70%&#8221; custom_button=&#8221;on&#8221; button_text_color=&#8221;#2a2b2a&#8221; width=&#8221;300px&#8221; module_alignment=&#8221;center&#8221; height=&#8221;430px&#8221; custom_padding=&#8221;25px||||false|false&#8221; link_option_url=&#8221;https:\/\/cactux.cz\/ndt-equipment\/&#8221; border_color_all=&#8221;#406932&#8243; box_shadow_style=&#8221;preset1&#8243; global_colors_info=&#8221;{}&#8221;][et_pb_slide heading=&#8221;NDT EQUIPMENT&#8221; button_link=&#8221;https:\/\/cactux.cz\/ndt-equipment\/&#8221; _builder_version=&#8221;4.27.4&#8243; _module_preset=&#8221;default&#8221; header_font=&#8221;&#8211;et_global_heading_font|700||on|||||&#8221; header_text_color=&#8221;#4f4f4f&#8221; header_font_size=&#8221;24px&#8221; background_color=&#8221;#f9f9f9&#8243; custom_button=&#8221;on&#8221; button_text_size=&#8221;17px&#8221; button_text_color=&#8221;#2f9b0d&#8221; background_layout=&#8221;light&#8221; custom_padding=&#8221;||||false|false&#8221; global_colors_info=&#8221;{}&#8221; sticky_transition=&#8221;on&#8221;]<p><span style=\"color: #808080;\">Manipulators for sample positioning, Devices for in-situ testing, and Tools for CT calibration<\/span><\/p>\n<p><strong><span style=\"color: #808080;\">Visit for more details!<\/span><\/strong><\/p>\n<p><img decoding=\"async\" src=\"https:\/\/cactux.cz\/wp-content\/uploads\/2025\/04\/SGRX-300x300.png\" width=\"190\" height=\"190\" alt=\"\" class=\"wp-image-4918 alignnone size-medium\" \/><span><\/span><\/p>[\/et_pb_slide][\/et_pb_slider][\/et_pb_column][et_pb_column type=&#8221;1_3&#8243; _builder_version=&#8221;4.16&#8243; _module_preset=&#8221;default&#8221; global_colors_info=&#8221;{}&#8221;][et_pb_slider show_arrows=&#8221;off&#8221; show_pagination=&#8221;off&#8221; _builder_version=&#8221;4.27.4&#8243; _module_preset=&#8221;default&#8221; header_level=&#8221;h3&#8243; header_font=&#8221;&#8211;et_global_heading_font|700||on|||||&#8221; header_text_color=&#8221;#2a2b2a&#8221; header_font_size=&#8221;24px&#8221; body_text_color=&#8221;#2a2b2a&#8221; background_color=&#8221;#f9f9f9&#8243; use_background_color_gradient=&#8221;on&#8221; background_color_gradient_stops=&#8221;rgba(0,0,0,0) 0%|rgba(0,0,0,0) 70%&#8221; background_color_gradient_start=&#8221;rgba(0,0,0,0)&#8221; background_color_gradient_end=&#8221;rgba(0,0,0,0)&#8221; background_color_gradient_end_position=&#8221;70%&#8221; custom_button=&#8221;on&#8221; button_text_color=&#8221;#2a2b2a&#8221; width=&#8221;300px&#8221; module_alignment=&#8221;center&#8221; height=&#8221;430px&#8221; custom_padding=&#8221;25px||||false|false&#8221; link_option_url=&#8221;https:\/\/cactux.cz\/3d-x-ray-scanning-service\/&#8221; border_color_all=&#8221;#406932&#8243; box_shadow_style=&#8221;preset1&#8243; locked=&#8221;off&#8221; global_colors_info=&#8221;{}&#8221;][et_pb_slide heading=&#8221;CT SCANNING&#8221; _builder_version=&#8221;4.27.4&#8243; _module_preset=&#8221;default&#8221; header_level=&#8221;h5&#8243; header_font=&#8221;|700|||||||&#8221; header_text_color=&#8221;#4f4f4f&#8221; header_font_size=&#8221;23px&#8221; header_line_height=&#8221;1.2em&#8221; background_color=&#8221;#f9f9f9&#8243; background_layout=&#8221;light&#8221; custom_padding=&#8221;||||false|false&#8221; link_option_url=&#8221;https:\/\/cactux.cz\/3d-x-ray-scanning-service\/&#8221; locked=&#8221;off&#8221; global_colors_info=&#8221;{}&#8221; sticky_transition=&#8221;on&#8221;]<p><span style=\"color: #808080;\">Nano &amp; Micro CT scanning and analysis of a wide range of industrial and research samples<\/span><\/p>\n<p><strong><span style=\"color: #808080;\">Visit for more details!<\/span><\/strong><\/p>\n<h6><img decoding=\"async\" src=\"https:\/\/cactux.cz\/wp-content\/uploads\/2025\/04\/CT_servis-300x300.png\" width=\"190\" height=\"190\" alt=\"\" class=\"wp-image-4917 alignnone size-medium\" \/><span style=\"color: #808080;\"><\/span><\/h6>[\/et_pb_slide][\/et_pb_slider][\/et_pb_column][et_pb_column type=&#8221;1_3&#8243; _builder_version=&#8221;4.16&#8243; _module_preset=&#8221;default&#8221; global_colors_info=&#8221;{}&#8221;][et_pb_slider show_arrows=&#8221;off&#8221; show_pagination=&#8221;off&#8221; _builder_version=&#8221;4.27.4&#8243; _module_preset=&#8221;default&#8221; header_font=&#8221;|||on|||||&#8221; header_text_color=&#8221;#2a2b2a&#8221; body_text_color=&#8221;#2a2b2a&#8221; background_color=&#8221;#f9f9f9&#8243; use_background_color_gradient=&#8221;on&#8221; background_color_gradient_stops=&#8221;rgba(0,0,0,0) 0%|rgba(0,0,0,0) 70%&#8221; background_color_gradient_start=&#8221;rgba(0,0,0,0)&#8221; background_color_gradient_end=&#8221;rgba(0,0,0,0)&#8221; background_color_gradient_end_position=&#8221;70%&#8221; custom_button=&#8221;on&#8221; button_text_color=&#8221;#2a2b2a&#8221; width=&#8221;300px&#8221; module_alignment=&#8221;center&#8221; height=&#8221;430px&#8221; custom_padding=&#8221;25px||||false|false&#8221; link_option_url=&#8221;https:\/\/cactux.cz\/advanced-ndt\/&#8221; border_color_all=&#8221;#406932&#8243; box_shadow_style=&#8221;preset1&#8243; locked=&#8221;off&#8221; global_colors_info=&#8221;{}&#8221;][et_pb_slide heading=&#8221;DEVELOPMENT&#8221; button_link=&#8221;https:\/\/cactux.cz\/advanced-ndt\/&#8221; _builder_version=&#8221;4.27.4&#8243; _module_preset=&#8221;default&#8221; header_font=&#8221;&#8211;et_global_heading_font|700||on|||||&#8221; header_text_color=&#8221;#4f4f4f&#8221; header_font_size=&#8221;24px&#8221; header_line_height=&#8221;1.2em&#8221; background_color=&#8221;#f9f9f9&#8243; background_layout=&#8221;light&#8221; custom_padding=&#8221;||||false|false&#8221; locked=&#8221;off&#8221; global_colors_info=&#8221;{}&#8221; sticky_transition=&#8221;on&#8221;]<p><span style=\"color: #808080;\">Advanced NDT development services focused on customer based requirements\u00a0<\/span><\/p>\n<p><strong><span style=\"color: #808080;\">Visit for more details!<\/span><\/strong><\/p>\n<p><span style=\"color: #808080;\"><img decoding=\"async\" src=\"https:\/\/cactux.cz\/wp-content\/uploads\/2026\/02\/Advanced_NDT_system-1-300x300.png\" width=\"190\" height=\"190\" alt=\"\" class=\"wp-image-5452 alignnone size-medium\" \/><\/span><\/p>[\/et_pb_slide][\/et_pb_slider][\/et_pb_column][\/et_pb_row][\/et_pb_section][et_pb_section fb_built=&#8221;1&#8243; _builder_version=&#8221;4.16&#8243; _module_preset=&#8221;default&#8221; background_color=&#8221;#f9f9f9&#8243; locked=&#8221;off&#8221; global_colors_info=&#8221;{}&#8221;][et_pb_row _builder_version=&#8221;4.16&#8243; _module_preset=&#8221;default&#8221; locked=&#8221;off&#8221; global_colors_info=&#8221;{}&#8221;][et_pb_column type=&#8221;4_4&#8243; _builder_version=&#8221;4.16&#8243; _module_preset=&#8221;default&#8221; global_colors_info=&#8221;{}&#8221;][et_pb_text _builder_version=&#8221;4.16&#8243; _module_preset=&#8221;default&#8221; header_5_text_color=&#8221;#2a2b2a&#8221; min_height=&#8221;52.6px&#8221; custom_margin=&#8221;||0px|||&#8221; global_colors_info=&#8221;{}&#8221;]<h4 style=\"text-align: center;\"><span style=\"color: #2f5915;\"><strong>From our customers<\/strong><\/span><\/h4>[\/et_pb_text][et_pb_text _builder_version=&#8221;4.27.4&#8243; _module_preset=&#8221;default&#8221; global_colors_info=&#8221;{}&#8221;]<h5 style=\"text-align: center;\"><strong><span style=\"caret-color: #5b5b5b;\">Find out what our customers think about our products<\/span><\/strong><\/h5>[\/et_pb_text][\/et_pb_column][\/et_pb_row][et_pb_row column_structure=&#8221;1_3,1_3,1_3&#8243; use_custom_gutter=&#8221;on&#8221; gutter_width=&#8221;2&#8243; make_equal=&#8221;on&#8221; _builder_version=&#8221;4.16&#8243; _module_preset=&#8221;default&#8221; global_colors_info=&#8221;{}&#8221;][et_pb_column type=&#8221;1_3&#8243; _builder_version=&#8221;4.16&#8243; _module_preset=&#8221;default&#8221; background_color=&#8221;#FFFFFF&#8221; custom_padding=&#8221;26px|10px|26px|10px|true|true&#8221; box_shadow_style=&#8221;preset1&#8243; global_colors_info=&#8221;{}&#8221;][et_pb_image src=&#8221;https:\/\/cactux.cz\/wp-content\/uploads\/2023\/05\/NTNU-logo-CactuX-testimonial.png&#8221; alt=&#8221;Norwegian University of Sciences and Technology logo&#8221; title_text=&#8221;NTNU-logo-CactuX-testimonial&#8221; _builder_version=&#8221;4.16&#8243; _module_preset=&#8221;default&#8221; global_colors_info=&#8221;{}&#8221;][\/et_pb_image][et_pb_text _builder_version=&#8221;4.27.4&#8243; _module_preset=&#8221;default&#8221; text_font=&#8221;|300|||||||&#8221; text_font_size=&#8221;17px&#8221; header_6_font=&#8221;Roboto||||||||&#8221; header_6_text_color=&#8221;#406932&#8243; header_6_font_size=&#8221;17px&#8221; custom_padding=&#8221;8px|25px|8px|25px|true|true&#8221; global_colors_info=&#8221;{}&#8221;]<blockquote>\n<p style=\"text-align: center;\"><strong>&#8220;the best solution I have seen for centering CT samples&#8221;<\/strong><\/p>\n<\/blockquote>\n<p style=\"text-align: left;\">Staff Engineer J. Rostad<\/p>\n<p style=\"text-align: left;\">Department of Geoscience and Petroleum NTNU<\/p>\n<p style=\"text-align: left;\"><strong>On SaguaroX<\/strong><\/p>[\/et_pb_text][\/et_pb_column][et_pb_column type=&#8221;1_3&#8243; _builder_version=&#8221;4.16&#8243; _module_preset=&#8221;default&#8221; background_color=&#8221;#FFFFFF&#8221; custom_padding=&#8221;26px|10px|26px|10px|true|true&#8221; box_shadow_style=&#8221;preset1&#8243; global_colors_info=&#8221;{}&#8221;][et_pb_image src=&#8221;https:\/\/cactux.cz\/wp-content\/uploads\/2023\/05\/Bosch-logo-CactuX-testimonial.png&#8221; alt=&#8221;Bosch Logo&#8221; title_text=&#8221;Bosch-logo-CactuX-testimonial&#8221; _builder_version=&#8221;4.16&#8243; _module_preset=&#8221;default&#8221; global_colors_info=&#8221;{}&#8221;][\/et_pb_image][et_pb_text _builder_version=&#8221;4.27.4&#8243; _module_preset=&#8221;default&#8221; text_font=&#8221;|300|||||||&#8221; text_font_size=&#8221;17px&#8221; header_6_font=&#8221;Roboto||||||||&#8221; header_6_text_color=&#8221;#406932&#8243; header_6_font_size=&#8221;17px&#8221; custom_padding=&#8221;8px|25px|8px|25px|true|true&#8221; locked=&#8221;off&#8221; global_colors_info=&#8221;{}&#8221;]<blockquote>\n<p style=\"text-align: center;\"><strong>&#8220;rock-solid fixing for samples of variant shapes and sizes&#8221;<\/strong><\/p>\n<\/blockquote>\n<p style=\"text-align: left;\">Laboratory of Computed Tomography<\/p>\n<p style=\"text-align: left;\">Robert Bosch GMBH, \u010cesk\u00e9 Bud\u011bjovice<\/p>\n<p style=\"text-align: left;\"><strong>On Magnetic adapters<\/strong><\/p>[\/et_pb_text][\/et_pb_column][et_pb_column type=&#8221;1_3&#8243; _builder_version=&#8221;4.16&#8243; _module_preset=&#8221;default&#8221; background_color=&#8221;#FFFFFF&#8221; custom_padding=&#8221;26px|10px|26px|10px|true|true&#8221; box_shadow_style=&#8221;preset1&#8243; global_colors_info=&#8221;{}&#8221;][et_pb_image src=&#8221;https:\/\/cactux.cz\/wp-content\/uploads\/2023\/05\/Earth-science-institute-Slovak-academy-of-sciences-logo-CactuX-testimonial.png&#8221; alt=&#8221;Earth Science Institute of Slovak Academy of Sciences Logo&#8221; title_text=&#8221;Earth-science-institute-Slovak-academy-of-sciences-logo-CactuX-testimonial&#8221; _builder_version=&#8221;4.16&#8243; _module_preset=&#8221;default&#8221; global_colors_info=&#8221;{}&#8221;][\/et_pb_image][et_pb_text _builder_version=&#8221;4.27.4&#8243; _module_preset=&#8221;default&#8221; text_font=&#8221;|300|||||||&#8221; text_font_size=&#8221;17px&#8221; header_6_font=&#8221;Roboto||||||||&#8221; header_6_text_color=&#8221;#406932&#8243; header_6_font_size=&#8221;17px&#8221; custom_padding=&#8221;8px|25px|8px|25px|true|true&#8221; locked=&#8221;off&#8221; global_colors_info=&#8221;{}&#8221;]<blockquote>\n<p style=\"text-align: center;\"><strong>&#8220;excellent tool that saves a lot of work time and energy&#8221;<\/strong><\/p>\n<\/blockquote>\n<p style=\"text-align: left;\">Earth Science Institute<\/p>\n<p style=\"text-align: left;\">Slovak Academy of Sciences<\/p>\n<p style=\"text-align: left;\"><strong>On SaguaroX<\/strong><\/p>\n<p style=\"text-align: left;\">[\/et_pb_text][\/et_pb_column][\/et_pb_row][\/et_pb_section][et_pb_section fb_built=&#8221;1&#8243; _builder_version=&#8221;4.16&#8243; background_color=&#8221;#FFFFFF&#8221; custom_padding=&#8221;0px|||||&#8221; global_colors_info=&#8221;{}&#8221;][et_pb_row _builder_version=&#8221;4.16&#8243; _module_preset=&#8221;default&#8221; locked=&#8221;off&#8221; global_colors_info=&#8221;{}&#8221;][et_pb_column type=&#8221;4_4&#8243; _builder_version=&#8221;4.16&#8243; _module_preset=&#8221;default&#8221; global_colors_info=&#8221;{}&#8221;][et_pb_text _builder_version=&#8221;4.27.4&#8243; _module_preset=&#8221;default&#8221; header_5_text_color=&#8221;#2a2b2a&#8221; min_height=&#8221;52.6px&#8221; global_colors_info=&#8221;{}&#8221;]<h4 style=\"text-align: center;\"><span style=\"color: #2f5915;\"><strong>Latest posts<\/strong><\/span><\/h4>\n<h5 style=\"text-align: center;\"><strong><span style=\"caret-color: #5b5b5b;\">Find out more about CactuX s.r.o.<\/span><\/strong><\/h5>[\/et_pb_text][\/et_pb_column][\/et_pb_row][et_pb_row admin_label=&#8221;Blog Area&#8221; _builder_version=&#8221;4.16&#8243; custom_margin=&#8221;|||&#8221; custom_padding=&#8221;0px|||||&#8221; custom_width_px=&#8221;1600px&#8221; global_colors_info=&#8221;{}&#8221;][et_pb_column type=&#8221;4_4&#8243; _builder_version=&#8221;4.16&#8243; custom_padding=&#8221;|||&#8221; global_colors_info=&#8221;{}&#8221; custom_padding__hover=&#8221;|||&#8221;][et_pb_post_slider posts_number=&#8221;5&#8243; include_categories=&#8221;all&#8221; more_text=&#8221;Read more&#8221; show_image=&#8221;off&#8221; bg_overlay_color=&#8221;rgba(96,96,96,0.1)&#8221; use_text_overlay=&#8221;off&#8221; _builder_version=&#8221;4.16&#8243; _module_preset=&#8221;default&#8221; header_level=&#8221;h6&#8243; header_font=&#8221;|700|||||||&#8221; header_font_size=&#8221;20px&#8221; body_text_color=&#8221;#2a2b2a&#8221; meta_text_color=&#8221;#2a2b2a&#8221; body_link_text_color=&#8221;#2a2b2a&#8221; body_ul_text_color=&#8221;#000000&#8243; body_ol_text_color=&#8221;#000000&#8243; body_quote_text_color=&#8221;#000000&#8243; background_color=&#8221;RGBA(0,0,0,0)&#8221; background_enable_color=&#8221;off&#8221; use_background_color_gradient=&#8221;on&#8221; background_color_gradient_stops=&#8221;rgba(0,0,0,0) 0%|rgba(0,0,0,0) 100%&#8221; background_color_gradient_overlays_image=&#8221;on&#8221; background_color_gradient_start=&#8221;rgba(0,0,0,0)&#8221; background_color_gradient_end=&#8221;rgba(0,0,0,0)&#8221; background_image=&#8221;https:\/\/cactux.cz\/wp-content\/uploads\/2022\/10\/pozadicko-1.png&#8221; background_blend=&#8221;darken&#8221; custom_button=&#8221;on&#8221; button_text_color=&#8221;#2a2b2a&#8221; button_bg_color=&#8221;RGBA(0,0,0,0)&#8221; button_border_radius=&#8221;36px&#8221; background_layout=&#8221;light&#8221; width=&#8221;100%&#8221; module_alignment=&#8221;center&#8221; content_width=&#8221;100%&#8221; content_max_width=&#8221;100%&#8221; min_height=&#8221;369px&#8221; custom_margin=&#8221;||||false|false&#8221; custom_padding=&#8221;40px||25px||false|false&#8221; border_radii_image=&#8221;on|9px|9px|9px|9px&#8221; locked=&#8221;off&#8221; global_colors_info=&#8221;{}&#8221;][\/et_pb_post_slider][et_pb_button button_url=&#8221;https:\/\/cactux.cz\/about\/#all-posts&#8221; button_text=&#8221;All posts of CactuX&#8221; _builder_version=&#8221;4.16&#8243; _module_preset=&#8221;67755936-c01e-4e43-afc8-2af7960aa3f8&#8243; button_text_color=&#8221;#262626&#8243; button_border_color=&#8221;#262626&#8243; button_border_radius=&#8221;50px&#8221; button_icon=&#8221;%%3%%&#8221; global_colors_info=&#8221;{}&#8221;][\/et_pb_button][\/et_pb_column][\/et_pb_row][\/et_pb_section]","protected":false},"excerpt":{"rendered":"<p>WE ARE CACTUX\u00a0 \u00a0 \u00a0 \u00a0 CactuX s.r.o. is a technological company developing and producing advanced X-ray solutions for research &amp; industryOur productsManipulators for sample positioning, Devices for in-situ testing, and Tools for CT calibration Visit for more details! Nano &amp; Micro CT scanning and analysis of a wide range of industrial and research samples [&hellip;]<\/p>","protected":false},"author":1,"featured_media":0,"parent":0,"menu_order":0,"comment_status":"closed","ping_status":"closed","template":"","meta":{"_et_pb_use_builder":"on","_et_pb_old_content":"<!--vcv no format--><div class=\"vce-row-container\"><div class=\"vce-row vce-row--col-gap-0 vce-row-columns--middle vce-row-content--middle\" id=\"el-d95ed610\" data-vce-do-apply=\"all el-d95ed610\"><div class=\"vce-content-background-container\"><\/div><div class=\"vce-row-content\" data-vce-element-content=\"true\" style=\"\"><div class=\"vce-col vce-col--md-auto vce-col--xs-1 vce-col--xs-last vce-col--xs-first vce-col--sm-last vce-col--sm-first vce-col--md-first vce-col--lg-first vce-col--xl-first\" id=\"el-18ec821a\"><div class=\"vce-col-inner\" data-vce-do-apply=\"border margin background  el-18ec821a\"><div class=\"vce-col-content\" data-vce-element-content=\"true\" data-vce-do-apply=\"padding el-18ec821a\"><div class=\"vce-text-block\"><div class=\"vce-text-block-wrapper vce\" id=\"el-6d91d306\" data-vce-do-apply=\"all el-6d91d306\"><h2><span style=\"font-family: Montserrat;\">WE ARE <span style=\"color: #336633;\">CA<\/span>CT<span style=\"color: #336633;\">U<\/span>X<\/span><\/h2><\/div><\/div><div class=\"vce-text-block\"><div class=\"vce-text-block-wrapper vce\" id=\"el-32a7cf24\" data-vce-do-apply=\"all el-32a7cf24\"><p><span style=\"background-color: transparent; color: #333333; font-family: Montserrat; font-size: 12pt; white-space: pre-wrap;\">CactuX s.r.o. is a start-up company developing and producing addons for microCT instruments. Our first product is <strong>XY Translation Stage<\/strong> \u2013 a new unique motorized sample stage designed specifically for \u00b5CT stations. It provides quick and easy sample mounting and motorized movement. <\/span><\/p><p dir=\"ltr\" style=\"line-height: 1.38; margin-top: 0pt; margin-bottom: 0pt;\"><span style=\"font-family: Montserrat; font-size: 12pt; color: #333333;\"><span style=\"background-color: transparent; font-variant-numeric: normal; font-variant-east-asian: normal; vertical-align: baseline; white-space: pre-wrap;\">CactuX was founded in March 2020 by the researchers from <\/span><span style=\"text-align: justify;\"><strong><a href=\"http:\/\/ctlab.ceitec.cz\/\">Laboratory of X-ray micro and nano computed tomography<\/a><\/strong> from<\/span> <strong style=\"background-color: transparent; white-space: pre-wrap;\">CEITEC Brno University of Technology<\/strong><span style=\"background-color: transparent; white-space: pre-wrap;\"> who have long-term experience with R&amp;D in the computed tomography field.<\/span><\/span><\/p><\/div><\/div><div class=\"vce vce-separator-container vce-separator--align-center vce-separator--style-dotted\" id=\"el-917f4158\" data-vce-do-apply=\"margin el-917f4158\"><div class=\"vce-separator vce-separator--color-bfc0c1 vce-separator--width-100 vce-separator--thickness-2\" data-vce-do-apply=\"border padding background  el-917f4158\"><\/div><\/div><div class=\"vce-button--style-outline-container vce-button--style-outline-container--align-left\"><span class=\"vce-button--style-outline-wrapper vce\" id=\"el-d40b3b6b\" data-vce-do-apply=\"margin el-d40b3b6b\"><a class=\"vce-button--style-outline-animated vce-button--style-outline--border-round vce-button--style-outline--size-medium vce-button--style-outline-animated--color-b-51-51-51--fff--3d3d3d vce-button--style-outline-animated--border-color-b-51-51-51--3d3d3d vce-button--style-outline-animated--background-color-b-51-102-51\" href=\"http:\/\/cactux.cz\/xy-translation-stage-2\/\" title=\"\" data-vce-do-apply=\"padding border background  el-d40b3b6b\"><span class=\"vce-button--style-outline-text\">XY Translation Stage<\/span><\/a><\/span><\/div><\/div><\/div><\/div><div class=\"vce-col vce-col--md-auto vce-col--xs-1 vce-col--xs-last vce-col--xs-first vce-col--sm-last vce-col--sm-first vce-col--md-last vce-col--lg-last vce-col--xl-last\" id=\"el-3e09046b\"><div class=\"vce-col-inner\" data-vce-do-apply=\"border margin background  el-3e09046b\"><div class=\"vce-col-content\" data-vce-element-content=\"true\" data-vce-do-apply=\"padding el-3e09046b\"><div class=\"vce-single-image-container vce-single-image--align-center\"><div class=\"vce vce-single-image-wrapper\" id=\"el-585dee46\" data-vce-do-apply=\"all el-585dee46\"><figure><div class=\"vce-single-image-inner vce-single-image--absolute\" style=\"padding-bottom: 128.571%; width: 350px;\"><img class=\"vce-single-image\" width=\"350\" height=\"450\"src=\"|!|vcvUploadUrl|!|\/2020\/04\/Manipulator_stin-350x450.png\" srcset=\"|!|vcvUploadUrl|!|\/2020\/04\/Manipulator_stin-320x411.png 320w,|!|vcvUploadUrl|!|\/2020\/04\/Manipulator_stin-350x450.png 350w\" data-img-src=\"|!|vcvUploadUrl|!|\/2020\/04\/Manipulator_stin.png\" alt=\"\" title=\"Manipulator_stin\" \/><\/div><figcaption><\/figcaption><\/figure><\/div><\/div><\/div><\/div><\/div><\/div><\/div><\/div><!--vcv no format-->","_et_gb_content_width":"","om_disable_all_campaigns":false,"inline_featured_image":false,"_monsterinsights_skip_tracking":false,"_monsterinsights_sitenote_active":false,"_monsterinsights_sitenote_note":"","_monsterinsights_sitenote_category":0,"footnotes":""},"class_list":["post-102","page","type-page","status-publish","hentry"],"_links":{"self":[{"href":"https:\/\/cactux.cz\/cs\/wp-json\/wp\/v2\/pages\/102","targetHints":{"allow":["GET"]}}],"collection":[{"href":"https:\/\/cactux.cz\/cs\/wp-json\/wp\/v2\/pages"}],"about":[{"href":"https:\/\/cactux.cz\/cs\/wp-json\/wp\/v2\/types\/page"}],"author":[{"embeddable":true,"href":"https:\/\/cactux.cz\/cs\/wp-json\/wp\/v2\/users\/1"}],"replies":[{"embeddable":true,"href":"https:\/\/cactux.cz\/cs\/wp-json\/wp\/v2\/comments?post=102"}],"version-history":[{"count":141,"href":"https:\/\/cactux.cz\/cs\/wp-json\/wp\/v2\/pages\/102\/revisions"}],"predecessor-version":[{"id":5784,"href":"https:\/\/cactux.cz\/cs\/wp-json\/wp\/v2\/pages\/102\/revisions\/5784"}],"wp:attachment":[{"href":"https:\/\/cactux.cz\/cs\/wp-json\/wp\/v2\/media?parent=102"}],"curies":[{"name":"wp","href":"https:\/\/api.w.org\/{rel}","templated":true}]}}